{"id":17,"date":"2025-07-03T16:56:43","date_gmt":"2025-07-03T16:56:43","guid":{"rendered":"https:\/\/ballmastertraining.com\/?page_id=17"},"modified":"2025-12-18T11:55:43","modified_gmt":"2025-12-18T11:55:43","slug":"ruckgabepolitik","status":"publish","type":"page","link":"https:\/\/ballmastertraining.com\/de\/return-policy\/","title":{"rendered":"R\u00fcckgabepolitik"},"content":{"rendered":"<p>Wir sind zuversichtlich, dass Sie mit Ihrem Ballmaster Produkt zufrieden sein werden. Sollte das Produkt jedoch nicht Ihren Erwartungen entsprechen, bieten wir ein 14-t\u00e4giges R\u00fcckgaberecht f\u00fcr unbesch\u00e4digte Artikel in ihrer Originalverpackung.<\/p>\n\n\n\n<p><strong>Wie es funktioniert:<\/strong>\u00a0<strong>R\u00fcckgabe innerhalb von 14 Tagen:<\/strong>\u00a0Sie k\u00f6nnen Ihren Artikel innerhalb von 14 Tagen nach Erhalt zur\u00fcckgeben, wenn er unbenutzt und originalverpackt ist. So haben Sie die M\u00f6glichkeit zu entscheiden, ob das Produkt Ihren Erwartungen entspricht, bevor Sie es benutzen.<\/p>\n\n\n\n<p><strong>Vollst\u00e4ndige R\u00fcckgabebedingungen:<\/strong>\u00a0Um eine vollst\u00e4ndige R\u00fcckerstattung zu erhalten, muss der Artikel unbesch\u00e4digt, unbenutzt und in der Originalverpackung sein. Wenn der Artikel benutzt oder die Verpackung ge\u00f6ffnet wurde, kann er aus hygienischen Gr\u00fcnden nicht zur\u00fcckgegeben werden.<\/p>\n\n\n\n<p class=\"translation-block\"><strong>R\u00fccksendekosten:<\/strong> Wenn Sie von Ihrem Widerrufsrecht Gebrauch machen, <strong>tragen Sie s\u00e4mtliche Kosten f\u00fcr den R\u00fcckversand sowie anfallende Bearbeitungskosten selbst<\/strong>.<br><br>R\u00fccksendungen m\u00fcssen <strong>eigenst\u00e4ndig<\/strong> organisiert werden, \u00fcber einen Kurierdienst <strong>Ihrer Wahl<\/strong>.<br><strong>Wir stellen keine R\u00fccksendeetiketten zur Verf\u00fcgung, organisieren keine R\u00fccksendungen und \u00fcbernehmen keine R\u00fccksendekosten, da R\u00fccksendungen auf Wunsch des Kunden erfolgen.<\/strong><\/p>\n\n\n\n<p class=\"translation-block\">Vor der R\u00fccksendung bitte <strong><a target=\"_self\">info@ballmastertraining.com\n<\/a><\/strong> kontaktieren und die <strong>Bestellnummer<\/strong> angeben.<\/p>\n\n\n\n<p class=\"translation-block\">Alle genehmigten R\u00fccksendungen m\u00fcssen an unser <strong>zentrales EU-Lager<\/strong> gesendet werden:<\/p>\n\n\n\n<p class=\"translation-block\"><strong>UAB Shipaway<\/strong><br>Sodyb\u0173 g. 7A<br>13277 Vilnius<br>Litauen<\/p>\n\n\n\n<p class=\"translation-block\">Bitte legen Sie Ihrer R\u00fccksendung folgende Kontaktdaten bei:<br>Telefon: +370 600 03727<br>E-Mail: <a target=\"_self\">[info@ballmastertraining.com](mailto:info@ballmastertraining.com)<\/a><\/p>\n\n\n\n<p>R\u00fccksendungen ohne vorherige Kontaktaufnahme oder ohne Angabe einer Bestellnummer k\u00f6nnen nicht angenommen werden.<\/p>\n\n\n\n<p><strong>Wichtige Hinweise:<\/strong>\u00a0<strong>Gilt f\u00fcr alle Artikel:<\/strong>\u00a0Dieses R\u00fcckgaberecht gilt f\u00fcr alle gekauften Ballmaster Produkte.<\/p>\n\n\n\n<p><strong>Unversehrtheit der Verpackung:<\/strong>\u00a0Achten Sie darauf, dass die Originalverpackung unversehrt bleibt. Das \u00d6ffnen oder Besch\u00e4digen der Verpackung kann zum Erl\u00f6schen des R\u00fcckgaberechts f\u00fchren.<\/p>\n\n\n\n<p><strong>Europ\u00e4ische Union 14-t\u00e4gige Widerrufsfrist:<\/strong>\u00a0Wenn der Artikel in ein Land der Europ\u00e4ischen Union versandt wird, haben Sie das Recht, Ihre Bestellung innerhalb von 14 Tagen ohne Angabe von Gr\u00fcnden zu widerrufen oder zur\u00fcckzugeben. Der Artikel muss in demselben Zustand sein, in dem er geliefert wurde, unbenutzt, mit Etiketten und in der Originalverpackung. Au\u00dferdem m\u00fcssen Sie eine Quittung oder einen Kaufbeleg vorlegen.<\/p>\n\n\n\n<p><strong>Erstattung:<\/strong>\u00a0Wir werden Sie benachrichtigen, sobald wir den zur\u00fcckgesandten Artikel erhalten und gepr\u00fcft haben. Wenn die R\u00fcckgabe genehmigt wird, wird die R\u00fcckerstattung automatisch innerhalb von 10 Werktagen auf Ihre urspr\u00fcngliche Zahlungsmethode ausgestellt. Bitte beachten Sie, dass es einige Zeit dauern kann, bis Ihre Bank oder Ihr Kreditkartenunternehmen die Erstattung bearbeitet und verbucht hat.<\/p>\n\n\n\n<p>Wenn mehr als 15 Arbeitstage seit der Genehmigung Ihrer R\u00fccksendung vergangen sind, kontaktieren Sie uns bitte per E-Mail:\u00a0<a>info@ballmastertraining.com<\/a>.<a href=\"https:\/\/www.tiktok.com\/@ballmastertraining\" target=\"_blank\" rel=\"noreferrer noopener\"><\/a><\/p>\n\n\n\n<p><\/p>","protected":false},"excerpt":{"rendered":"<p>We are confident that you will be satisfied with your Ballmaster product. However, if the product does not meet your expectations, we offer a 14-day return policy for undamaged items in their original packaging. How it works:\u00a0Return within 14 days:\u00a0You can return your item within 14 days of receiving it if it has not been [&hellip;]<\/p>\n","protected":false},"author":1,"featured_media":0,"parent":0,"menu_order":0,"comment_status":"closed","ping_status":"closed","template":"","meta":{"footnotes":""},"class_list":["post-17","page","type-page","status-publish","hentry"],"yoast_head":"<!-- This site is optimized with the Yoast SEO plugin v27.5 - https:\/\/yoast.com\/product\/yoast-seo-wordpress\/ -->\n<title>Return Policy | Ballmaster<\/title>\n<meta name=\"robots\" content=\"index, follow, max-snippet:-1, max-image-preview:large, max-video-preview:-1\" \/>\n<link rel=\"canonical\" href=\"https:\/\/ballmastertraining.com\/de\/ruckgabepolitik\/\" \/>\n<meta property=\"og:locale\" content=\"de_DE\" \/>\n<meta property=\"og:type\" content=\"article\" \/>\n<meta property=\"og:title\" content=\"Return Policy | Ballmaster\" \/>\n<meta property=\"og:url\" content=\"https:\/\/ballmastertraining.com\/de\/ruckgabepolitik\/\" \/>\n<meta property=\"og:site_name\" content=\"ballmastertraining.com\" \/>\n<meta property=\"article:modified_time\" content=\"2025-12-18T11:55:43+00:00\" \/>\n<meta name=\"twitter:card\" content=\"summary_large_image\" \/>\n<meta name=\"twitter:label1\" content=\"Gesch\u00e4tzte Lesezeit\" \/>\n\t<meta name=\"twitter:data1\" content=\"2\u00a0Minuten\" \/>\n<script type=\"application\/ld+json\" class=\"yoast-schema-graph\">{\"@context\":\"https:\\\/\\\/schema.org\",\"@graph\":[{\"@type\":\"WebPage\",\"@id\":\"https:\\\/\\\/ballmastertraining.com\\\/return-policy\\\/\",\"url\":\"https:\\\/\\\/ballmastertraining.com\\\/return-policy\\\/\",\"name\":\"Return Policy | Ballmaster\",\"isPartOf\":{\"@id\":\"https:\\\/\\\/ballmastertraining.com\\\/#website\"},\"datePublished\":\"2025-07-03T16:56:43+00:00\",\"dateModified\":\"2025-12-18T11:55:43+00:00\",\"breadcrumb\":{\"@id\":\"https:\\\/\\\/ballmastertraining.com\\\/return-policy\\\/#breadcrumb\"},\"inLanguage\":\"de\",\"potentialAction\":[{\"@type\":\"ReadAction\",\"target\":[\"https:\\\/\\\/ballmastertraining.com\\\/return-policy\\\/\"]}]},{\"@type\":\"BreadcrumbList\",\"@id\":\"https:\\\/\\\/ballmastertraining.com\\\/return-policy\\\/#breadcrumb\",\"itemListElement\":[{\"@type\":\"ListItem\",\"position\":1,\"name\":\"Home\",\"item\":\"https:\\\/\\\/ballmastertraining.com\\\/\"},{\"@type\":\"ListItem\",\"position\":2,\"name\":\"Return Policy\"}]},{\"@type\":\"WebSite\",\"@id\":\"https:\\\/\\\/ballmastertraining.com\\\/#website\",\"url\":\"https:\\\/\\\/ballmastertraining.com\\\/\",\"name\":\"ballmastertraining.com\",\"description\":\"\",\"publisher\":{\"@id\":\"https:\\\/\\\/ballmastertraining.com\\\/#organization\"},\"potentialAction\":[{\"@type\":\"SearchAction\",\"target\":{\"@type\":\"EntryPoint\",\"urlTemplate\":\"https:\\\/\\\/ballmastertraining.com\\\/?s={search_term_string}\"},\"query-input\":{\"@type\":\"PropertyValueSpecification\",\"valueRequired\":true,\"valueName\":\"search_term_string\"}}],\"inLanguage\":\"de\"},{\"@type\":\"Organization\",\"@id\":\"https:\\\/\\\/ballmastertraining.com\\\/#organization\",\"name\":\"Swissgoods\",\"url\":\"https:\\\/\\\/ballmastertraining.com\\\/\",\"logo\":{\"@type\":\"ImageObject\",\"inLanguage\":\"de\",\"@id\":\"https:\\\/\\\/ballmastertraining.com\\\/#\\\/schema\\\/logo\\\/image\\\/\",\"url\":\"\",\"contentUrl\":\"\",\"caption\":\"Swissgoods\"},\"image\":{\"@id\":\"https:\\\/\\\/ballmastertraining.com\\\/#\\\/schema\\\/logo\\\/image\\\/\"}}]}<\/script>\n<!-- \/ Yoast SEO plugin. -->","yoast_head_json":{"title":"R\u00fcckgabebedingungen | Ballmaster","robots":{"index":"index","follow":"follow","max-snippet":"max-snippet:-1","max-image-preview":"max-image-preview:large","max-video-preview":"max-video-preview:-1"},"canonical":"https:\/\/ballmastertraining.com\/de\/ruckgabepolitik\/","og_locale":"de_DE","og_type":"article","og_title":"Return Policy | Ballmaster","og_url":"https:\/\/ballmastertraining.com\/de\/ruckgabepolitik\/","og_site_name":"ballmastertraining.com","article_modified_time":"2025-12-18T11:55:43+00:00","twitter_card":"summary_large_image","twitter_misc":{"Gesch\u00e4tzte Lesezeit":"2\u00a0Minuten"},"schema":{"@context":"https:\/\/schema.org","@graph":[{"@type":"WebPage","@id":"https:\/\/ballmastertraining.com\/return-policy\/","url":"https:\/\/ballmastertraining.com\/return-policy\/","name":"R\u00fcckgabebedingungen | Ballmaster","isPartOf":{"@id":"https:\/\/ballmastertraining.com\/#website"},"datePublished":"2025-07-03T16:56:43+00:00","dateModified":"2025-12-18T11:55:43+00:00","breadcrumb":{"@id":"https:\/\/ballmastertraining.com\/return-policy\/#breadcrumb"},"inLanguage":"de","potentialAction":[{"@type":"ReadAction","target":["https:\/\/ballmastertraining.com\/return-policy\/"]}]},{"@type":"BreadcrumbList","@id":"https:\/\/ballmastertraining.com\/return-policy\/#breadcrumb","itemListElement":[{"@type":"ListItem","position":1,"name":"Home","item":"https:\/\/ballmastertraining.com\/"},{"@type":"ListItem","position":2,"name":"Return Policy"}]},{"@type":"WebSite","@id":"https:\/\/ballmastertraining.com\/#website","url":"https:\/\/ballmastertraining.com\/","name":"ballmastertraining.com","description":"","publisher":{"@id":"https:\/\/ballmastertraining.com\/#organization"},"potentialAction":[{"@type":"SearchAction","target":{"@type":"EntryPoint","urlTemplate":"https:\/\/ballmastertraining.com\/?s={search_term_string}"},"query-input":{"@type":"PropertyValueSpecification","valueRequired":true,"valueName":"search_term_string"}}],"inLanguage":"de"},{"@type":"Organization","@id":"https:\/\/ballmastertraining.com\/#organization","name":"Swissgoods","url":"https:\/\/ballmastertraining.com\/","logo":{"@type":"ImageObject","inLanguage":"de","@id":"https:\/\/ballmastertraining.com\/#\/schema\/logo\/image\/","url":"","contentUrl":"","caption":"Swissgoods"},"image":{"@id":"https:\/\/ballmastertraining.com\/#\/schema\/logo\/image\/"}}]}},"jetpack_sharing_enabled":true,"_links":{"self":[{"href":"https:\/\/ballmastertraining.com\/de\/wp-json\/wp\/v2\/pages\/17","targetHints":{"allow":["GET"]}}],"collection":[{"href":"https:\/\/ballmastertraining.com\/de\/wp-json\/wp\/v2\/pages"}],"about":[{"href":"https:\/\/ballmastertraining.com\/de\/wp-json\/wp\/v2\/types\/page"}],"author":[{"embeddable":true,"href":"https:\/\/ballmastertraining.com\/de\/wp-json\/wp\/v2\/users\/1"}],"replies":[{"embeddable":true,"href":"https:\/\/ballmastertraining.com\/de\/wp-json\/wp\/v2\/comments?post=17"}],"version-history":[{"count":4,"href":"https:\/\/ballmastertraining.com\/de\/wp-json\/wp\/v2\/pages\/17\/revisions"}],"predecessor-version":[{"id":9841,"href":"https:\/\/ballmastertraining.com\/de\/wp-json\/wp\/v2\/pages\/17\/revisions\/9841"}],"wp:attachment":[{"href":"https:\/\/ballmastertraining.com\/de\/wp-json\/wp\/v2\/media?parent=17"}],"curies":[{"name":"wp","href":"https:\/\/api.w.org\/{rel}","templated":true}]}}