{"id":3,"date":"2025-06-16T12:27:51","date_gmt":"2025-06-16T12:27:51","guid":{"rendered":"https:\/\/ballmastertraining.com\/?page_id=3"},"modified":"2025-08-18T13:11:00","modified_gmt":"2025-08-18T13:11:00","slug":"datenschutzbestimmungen","status":"publish","type":"page","link":"https:\/\/ballmastertraining.com\/de\/privacy-policy\/","title":{"rendered":"Datenschutzbestimmungen"},"content":{"rendered":"<p><strong>WAS BEDEUTET DIESE DATENSCHUTZRICHTLINIE?<\/strong><\/p>\n\n\n\n<p>In this Privacy Policy (hereinafter referred to as the \u201cPrivacy Policy\u201d), we provide information on how your personal data is processed when you purchase from the BallMaster online store (hereinafter referred to as the \u201cE-store\u201d) or use the BallMaster training program or other digital content (hereinafter referred to as the \u201cContent\u201d) available on the website\u00a0<a>https:\/\/www.ballmaster.io<\/a>\u00a0(hereinafter referred to as the \u201cTraining System\u201d), or visit the E-store or Training System websites (hereinafter collectively referred to as the \u201cWebsites\u201d).<\/p>\n\n\n\n<p>In dieser Datenschutzrichtlinie in Gro\u00dfbuchstaben geschriebene Begriffe, die hier nicht definiert sind, haben die Bedeutung, die ihnen in den BallMaster E-Store-Regeln und den BallMaster Trainingssystem-Regeln zugewiesen wird.<\/p>\n\n\n\n<p><strong>WER IST DER F\u00dcR DIE DATENVERARBEITUNG VERANTWORTLICHE?<\/strong><\/p>\n\n\n\n<p>MB Ballmaster, legal entity code 306709417, registered office address Perk\u016bnkiemio g. 19, LT-12120 Vilnius, Lithuania (hereinafter referred to as \u201cBallMaster\u201d or \u201cwe\u201d), is the data controller of personal data of Website visitors, E-store buyers, and Training System users and processes these personal data in accordance with the terms outlined in this Privacy Policy.<\/p>\n\n\n\n<p>Sie k\u00f6nnen uns per E-Mail kontaktieren:\u00a0<a>info@ballmastertraining.com<\/a>.<\/p>\n\n\n\n<p><strong>WELCHE PERSONENBEZOGENEN DATEN VERARBEITEN WIR?<\/strong><\/p>\n\n\n\n<p>Bei der Verwaltung der Websites und der Bereitstellung des Zugangs zum E-Store und zum Schulungssystem verarbeiten wir die folgenden personenbezogenen Daten zu den unten aufgef\u00fchrten Zwecken:<\/p>\n\n\n\n<ul class=\"wp-block-list\">\n<li><strong>Zweck: Verkauf von Waren im E-Store, Auftragsabwicklung<\/strong>\n<ul class=\"wp-block-list\">\n<li>Processed data: Buyer\u2019s name, surname, address, phone number, email address.<\/li>\n\n\n\n<li>Rechtsgrundlage: Vertrag (wenn der K\u00e4ufer eine nat\u00fcrliche Person ist) oder berechtigtes Gesch\u00e4ftsinteresse (wenn der K\u00e4ufer eine juristische Person ist).<\/li>\n\n\n\n<li>Aufbewahrungsfrist: 10 Jahre nach Auftragserf\u00fcllung.<\/li>\n<\/ul>\n<\/li>\n\n\n\n<li><strong>Zweck: Lieferung von Auftr\u00e4gen<\/strong>\n<ul class=\"wp-block-list\">\n<li>Processed data: Recipient\u2019s name, surname, phone number, email address, address, parcel locker information, shipment number.<\/li>\n\n\n\n<li>Rechtsgrundlage: Vertrag.<\/li>\n\n\n\n<li>Aufbewahrungsfrist: 10 Jahre nach Auftragserf\u00fcllung.<\/li>\n\n\n\n<li>Die Daten k\u00f6nnen an Kurierdienste und Zustelldienste \u00fcbermittelt werden.<\/li>\n<\/ul>\n<\/li>\n\n\n\n<li><strong>Zweck: Zahlungserstattungen<\/strong>\n<ul class=\"wp-block-list\">\n<li>Processed data: Buyer\u2019s name, surname, bank account number, other relevant details.<\/li>\n\n\n\n<li>Rechtsgrundlage: Vertrag, gesetzliche Verpflichtung.<\/li>\n\n\n\n<li>Aufbewahrungsfrist: 10 Jahre nach dem Zahlungsvorgang.<\/li>\n\n\n\n<li>Die Daten k\u00f6nnen an Zahlungsdienstleister \u00fcbermittelt werden.<\/li>\n<\/ul>\n<\/li>\n\n\n\n<li><strong>Zweck: Erstellung und Verwaltung von Konten f\u00fcr das Trainingssystem, Bereitstellung von Inhalten<\/strong>\n<ul class=\"wp-block-list\">\n<li>Processed data: Account user\u2019s name, surname, email address, phone number, Activation Code, data on Content and Training System usage.<\/li>\n\n\n\n<li>Rechtsgrundlage: Vertrag.<\/li>\n\n\n\n<li>Speicherdauer: Bis das Konto aktiv ist und 24 Monate nach der letzten Anmeldung.<\/li>\n<\/ul>\n<\/li>\n\n\n\n<li><strong>Zweck: Kommunikation mit Nutzern des Schulungssystems und anderen Besuchern der Website<\/strong>\n<ul class=\"wp-block-list\">\n<li>Verarbeitete Daten: Vorname, Nachname, Telefonnummer, E-Mail-Adresse, andere Informationen, die bei der Kontaktaufnahme mit uns angegeben werden.<\/li>\n\n\n\n<li>Legal basis: Taking steps at the data subject\u2019s request before entering into a contract or legitimate interest in conducting business and\/or ensuring quality.<\/li>\n\n\n\n<li>Aufbewahrungsfrist: 1 Jahr nach Aufl\u00f6sung der Anfrage oder nach \u00dcbermittlung der Nachricht.<\/li>\n<\/ul>\n<\/li>\n\n\n\n<li><strong>Zweck: Direktmarketing (Newsletter, Veranstaltungseinladungen, \u00e4hnliche Produkt- oder Dienstleistungsangebote)<\/strong>\n<ul class=\"wp-block-list\">\n<li>Verarbeitete Daten: Name, Nachname, E-Mail, Telefonnummer.<\/li>\n\n\n\n<li>Rechtsgrundlage: Zustimmung oder berechtigtes Interesse, den Kunden \u00e4hnliche Produkte\/Dienstleistungen anzubieten.<\/li>\n\n\n\n<li>Aufbewahrungsfrist: 2 Jahre nach Erhalt der Zustimmung oder nachdem der Kunde Waren\/Dienstleistungen erworben hat.<\/li>\n\n\n\n<li>Die Daten k\u00f6nnen an Newsletter-Dienstleister \u00fcbermittelt werden.<\/li>\n<\/ul>\n<\/li>\n\n\n\n<li><strong>Zweck: Verwaltung von Konten in den sozialen Medien<\/strong><ul><li>Verarbeitete Daten: Eindeutige ID, IP-Adresse, Ger\u00e4teinformationen.<\/li><li>Rechtsgrundlage: Einwilligung oder berechtigtes Interesse an der Interaktion mit Kunden.<\/li><li>Speicherdauer: Solange der Besucher der sozialen Medien ein Follower der Konten ist.<\/li><li>Wir kontrollieren die Daten gemeinsam mit sozialen Medienplattformen als gemeinsam f\u00fcr die Datenverarbeitung Verantwortliche.<\/li><\/ul>Wir haben derzeit Konten bei den folgenden sozialen Netzwerken:\n<ul class=\"wp-block-list\">\n<li><strong>Facebook:<\/strong>\u00a0<a>https:\/\/www.facebook.com\/ballmastertraining<\/a>\u00a0(Datenschutzbestimmungen:\u00a0<a>https:\/\/www.facebook.com\/privacy\/explanation<\/a>)<\/li>\n\n\n\n<li><strong>Instagram:<\/strong>\u00a0<a>https:\/\/www.instagram.com\/BallmasterTraining<\/a>\u00a0(Datenschutzbestimmungen:\u00a0<a>https:\/\/help.instagram.com\/519522125107875<\/a>)<\/li>\n\n\n\n<li><strong>TikTok:<\/strong>\u00a0<a>https:\/\/www.tiktok.com\/@ballmastertraining<\/a>\u00a0(Datenschutzbestimmungen:\u00a0<a>https:\/\/www.tiktok.com\/legal\/page\/row\/privacy-policy\/en<\/a>)<\/li>\n<\/ul>\n<\/li>\n<\/ul>\n\n\n\n<p>Wir empfehlen Ihnen, die Datenschutzrichtlinien Dritter zu lesen und sich bei Fragen zur Verwendung Ihrer pers\u00f6nlichen Daten direkt an die Dienstleister zu wenden.<\/p>\n\n\n\n<p><strong>COOKIES<\/strong><\/p>\n\n\n\n<p>Ein Cookie ist eine Information, die ein Internetserver an Ihren Webbrowser sendet und die im Browser gespeichert wird. Diese Informationen werden jedes Mal an den Internetserver gesendet, wenn der Browser die Website vom Server abruft, wodurch Ihr Computer oder Ger\u00e4t von anderen unterschieden werden kann. Cookies sorgen f\u00fcr eine bequemere Nutzung der Website und erm\u00f6glichen es uns, sie zu verbessern.<\/p>\n\n\n\n<p>Wesentliche Cookies werden automatisch und ohne Ihre gesonderte Zustimmung verwendet, wenn Sie bestimmte Aktionen auf der Website durchf\u00fchren. Andere Cookies (z. B. f\u00fcr Analysezwecke, Werbung) werden nur mit Ihrer Zustimmung verwendet.<\/p>\n\n\n\n<p>You can manage cookies using the cookie management tools installed on the Websites under \u201cManage Preferences.\u201d You can also disable cookies in your browser settings; however, this may affect certain Website functions.<\/p>\n\n\n\n<p><strong>AN WEN K\u00d6NNEN WIR IHRE PERSONENBEZOGENEN DATEN WEITERGEBEN?<\/strong><\/p>\n\n\n\n<p>Wir k\u00f6nnen Ihre Daten an unsere Mitarbeiter, Vermittler, Dienstleister (z. B. Inkassounternehmen, Rechtsdienstleister, Marketingdienstleister, IT-Dienstleister) oder Unterauftragnehmer weitergeben, wenn dies f\u00fcr die in dieser Datenschutzrichtlinie genannten Zwecke erforderlich ist.<\/p>\n\n\n\n<p>Wir k\u00f6nnen Ihre Daten auch offenlegen, wenn dies gesetzlich vorgeschrieben ist oder zum Schutz unserer Rechte und Interessen (einschlie\u00dflich der Weitergabe personenbezogener Daten an Dritte zu Inkassozwecken) oder im Falle einer \u00dcbertragung oder Umstrukturierung des E-Store oder des Schulungssystems.<\/p>\n\n\n\n<p><strong>WIE WERDEN IHRE PERSONENBEZOGENEN DATEN VERARBEITET?<\/strong><\/p>\n\n\n\n<p>Ihre personenbezogenen Daten werden in \u00dcbereinstimmung mit der Allgemeinen Datenschutzverordnung (GDPR), dem Gesetz \u00fcber den rechtlichen Schutz personenbezogener Daten der Republik Litauen und anderen gesetzlichen Bestimmungen verarbeitet.<\/p>\n\n\n\n<p>BallMaster ergreift angemessene technische und organisatorische Ma\u00dfnahmen, um personenbezogene Daten vor versehentlicher oder unrechtm\u00e4\u00dfiger Zerst\u00f6rung, Besch\u00e4digung, Ver\u00e4nderung, Verlust, Offenlegung und unbefugter Verarbeitung zu sch\u00fctzen.<\/p>\n\n\n\n<p><strong>WELCHE RECHTE HABEN SIE?<\/strong><\/p>\n\n\n\n<p>Sie haben das Recht dazu:<\/p>\n\n\n\n<ul class=\"wp-block-list\">\n<li>Zugang zu Ihren pers\u00f6nlichen Daten beantragen.<\/li>\n\n\n\n<li>Sie k\u00f6nnen Ihre Einwilligung jederzeit widerrufen.<\/li>\n\n\n\n<li>Beantragung der Berichtigung unzutreffender Daten.<\/li>\n\n\n\n<li>die L\u00f6schung Ihrer personenbezogenen Daten in den in Artikel 17 GDPR genannten F\u00e4llen zu verlangen.<\/li>\n\n\n\n<li>Antrag auf Einschr\u00e4nkung der Datenverarbeitung.<\/li>\n\n\n\n<li>Beantragung der Daten\u00fcbertragbarkeit bei automatisierter Datenverarbeitung auf der Grundlage einer Einwilligung oder eines Vertrags.<\/li>\n\n\n\n<li>Widerspruch gegen die Datenverarbeitung gem\u00e4\u00df Artikel 21 GDPR.<\/li>\n<\/ul>\n\n\n\n<p><strong>WIE K\u00d6NNEN SIE IHRE RECHTE WAHRNEHMEN?<\/strong><\/p>\n\n\n\n<p>Um Ihre Rechte auszu\u00fcben, stellen Sie einen schriftlichen Antrag an die in dieser Datenschutzrichtlinie angegebenen Kontaktdaten. Wir werden innerhalb von 30 Tagen nach Erhalt Ihrer Anfrage antworten.<\/p>\n\n\n\n<p><strong>COMPLAINTS<\/strong><\/p>\n\n\n\n<p>Wenn Sie glauben, dass Ihre Rechte als betroffene Person verletzt wurden oder werden k\u00f6nnten, wenden Sie sich bitte unverz\u00fcglich an uns. Wenn die L\u00f6sung Sie nicht zufriedenstellt, k\u00f6nnen Sie eine Beschwerde bei der staatlichen Datenschutzaufsichtsbeh\u00f6rde Litauens einreichen (<a>https:\/\/vdai.lrv.lt\/<\/a>) oder der zust\u00e4ndigen EU-Aufsichtsbeh\u00f6rde (<a>https:\/\/www.edpb.europa.eu\/about-edpb\/about-edpb\/members_en<\/a>).<\/p>\n\n\n\n<p><strong>VERANTWORTUNG<\/strong><\/p>\n\n\n\n<p>Sie sind f\u00fcr die Richtigkeit und Vollst\u00e4ndigkeit der von Ihnen angegebenen Daten verantwortlich. Sollten sich Ihre Daten \u00e4ndern, informieren Sie uns bitte umgehend per E-Mail.<\/p>\n\n\n\n<p><strong>Datenschutzrichtlinie aktualisiert am 16. Januar 2025.<\/strong><\/p>","protected":false},"excerpt":{"rendered":"<p>WHAT DOES THIS PRIVACY POLICY MEAN? In this Privacy Policy (hereinafter referred to as the \u201cPrivacy Policy\u201d), we provide information on how your personal data is processed when you purchase from the BallMaster online store (hereinafter referred to as the \u201cE-store\u201d) or use the BallMaster training program or other digital content (hereinafter referred to as [&hellip;]<\/p>\n","protected":false},"author":1,"featured_media":0,"parent":0,"menu_order":0,"comment_status":"closed","ping_status":"open","template":"","meta":{"footnotes":""},"class_list":["post-3","page","type-page","status-publish","hentry"],"yoast_head":"<!-- This site is optimized with the Yoast SEO plugin v27.5 - https:\/\/yoast.com\/product\/yoast-seo-wordpress\/ -->\n<title>Privacy Policy | Ballmaster<\/title>\n<meta name=\"robots\" content=\"index, follow, max-snippet:-1, max-image-preview:large, max-video-preview:-1\" \/>\n<link rel=\"canonical\" href=\"https:\/\/ballmastertraining.com\/de\/datenschutzbestimmungen\/\" \/>\n<meta property=\"og:locale\" content=\"de_DE\" \/>\n<meta property=\"og:type\" content=\"article\" \/>\n<meta property=\"og:title\" content=\"Privacy Policy | Ballmaster\" \/>\n<meta property=\"og:url\" content=\"https:\/\/ballmastertraining.com\/de\/datenschutzbestimmungen\/\" \/>\n<meta property=\"og:site_name\" content=\"ballmastertraining.com\" \/>\n<meta property=\"article:modified_time\" content=\"2025-08-18T13:11:00+00:00\" \/>\n<meta name=\"twitter:card\" content=\"summary_large_image\" \/>\n<meta name=\"twitter:label1\" content=\"Gesch\u00e4tzte Lesezeit\" \/>\n\t<meta name=\"twitter:data1\" content=\"5\u00a0Minuten\" \/>\n<script type=\"application\/ld+json\" class=\"yoast-schema-graph\">{\"@context\":\"https:\\\/\\\/schema.org\",\"@graph\":[{\"@type\":\"WebPage\",\"@id\":\"https:\\\/\\\/ballmastertraining.com\\\/de\\\/privacy-policy\\\/\",\"url\":\"https:\\\/\\\/ballmastertraining.com\\\/de\\\/privacy-policy\\\/\",\"name\":\"Privacy Policy | Ballmaster\",\"isPartOf\":{\"@id\":\"https:\\\/\\\/ballmastertraining.com\\\/#website\"},\"datePublished\":\"2025-06-16T12:27:51+00:00\",\"dateModified\":\"2025-08-18T13:11:00+00:00\",\"breadcrumb\":{\"@id\":\"https:\\\/\\\/ballmastertraining.com\\\/de\\\/privacy-policy\\\/#breadcrumb\"},\"inLanguage\":\"de\",\"potentialAction\":[{\"@type\":\"ReadAction\",\"target\":[\"https:\\\/\\\/ballmastertraining.com\\\/de\\\/privacy-policy\\\/\"]}]},{\"@type\":\"BreadcrumbList\",\"@id\":\"https:\\\/\\\/ballmastertraining.com\\\/de\\\/privacy-policy\\\/#breadcrumb\",\"itemListElement\":[{\"@type\":\"ListItem\",\"position\":1,\"name\":\"Home\",\"item\":\"https:\\\/\\\/ballmastertraining.com\\\/\"},{\"@type\":\"ListItem\",\"position\":2,\"name\":\"Privacy Policy\"}]},{\"@type\":\"WebSite\",\"@id\":\"https:\\\/\\\/ballmastertraining.com\\\/#website\",\"url\":\"https:\\\/\\\/ballmastertraining.com\\\/\",\"name\":\"ballmastertraining.com\",\"description\":\"\",\"publisher\":{\"@id\":\"https:\\\/\\\/ballmastertraining.com\\\/#organization\"},\"potentialAction\":[{\"@type\":\"SearchAction\",\"target\":{\"@type\":\"EntryPoint\",\"urlTemplate\":\"https:\\\/\\\/ballmastertraining.com\\\/?s={search_term_string}\"},\"query-input\":{\"@type\":\"PropertyValueSpecification\",\"valueRequired\":true,\"valueName\":\"search_term_string\"}}],\"inLanguage\":\"de\"},{\"@type\":\"Organization\",\"@id\":\"https:\\\/\\\/ballmastertraining.com\\\/#organization\",\"name\":\"Swissgoods\",\"url\":\"https:\\\/\\\/ballmastertraining.com\\\/\",\"logo\":{\"@type\":\"ImageObject\",\"inLanguage\":\"de\",\"@id\":\"https:\\\/\\\/ballmastertraining.com\\\/#\\\/schema\\\/logo\\\/image\\\/\",\"url\":\"\",\"contentUrl\":\"\",\"caption\":\"Swissgoods\"},\"image\":{\"@id\":\"https:\\\/\\\/ballmastertraining.com\\\/#\\\/schema\\\/logo\\\/image\\\/\"}}]}<\/script>\n<!-- \/ Yoast SEO plugin. -->","yoast_head_json":{"title":"Datenschutzrichtlinie | Ballmaster","robots":{"index":"index","follow":"follow","max-snippet":"max-snippet:-1","max-image-preview":"max-image-preview:large","max-video-preview":"max-video-preview:-1"},"canonical":"https:\/\/ballmastertraining.com\/de\/datenschutzbestimmungen\/","og_locale":"de_DE","og_type":"article","og_title":"Privacy Policy | Ballmaster","og_url":"https:\/\/ballmastertraining.com\/de\/datenschutzbestimmungen\/","og_site_name":"ballmastertraining.com","article_modified_time":"2025-08-18T13:11:00+00:00","twitter_card":"summary_large_image","twitter_misc":{"Gesch\u00e4tzte Lesezeit":"5\u00a0Minuten"},"schema":{"@context":"https:\/\/schema.org","@graph":[{"@type":"WebPage","@id":"https:\/\/ballmastertraining.com\/de\/privacy-policy\/","url":"https:\/\/ballmastertraining.com\/de\/privacy-policy\/","name":"Datenschutzrichtlinie | Ballmaster","isPartOf":{"@id":"https:\/\/ballmastertraining.com\/#website"},"datePublished":"2025-06-16T12:27:51+00:00","dateModified":"2025-08-18T13:11:00+00:00","breadcrumb":{"@id":"https:\/\/ballmastertraining.com\/de\/privacy-policy\/#breadcrumb"},"inLanguage":"de","potentialAction":[{"@type":"ReadAction","target":["https:\/\/ballmastertraining.com\/de\/privacy-policy\/"]}]},{"@type":"BreadcrumbList","@id":"https:\/\/ballmastertraining.com\/de\/privacy-policy\/#breadcrumb","itemListElement":[{"@type":"ListItem","position":1,"name":"Home","item":"https:\/\/ballmastertraining.com\/"},{"@type":"ListItem","position":2,"name":"Privacy Policy"}]},{"@type":"WebSite","@id":"https:\/\/ballmastertraining.com\/#website","url":"https:\/\/ballmastertraining.com\/","name":"ballmastertraining.com","description":"","publisher":{"@id":"https:\/\/ballmastertraining.com\/#organization"},"potentialAction":[{"@type":"SearchAction","target":{"@type":"EntryPoint","urlTemplate":"https:\/\/ballmastertraining.com\/?s={search_term_string}"},"query-input":{"@type":"PropertyValueSpecification","valueRequired":true,"valueName":"search_term_string"}}],"inLanguage":"de"},{"@type":"Organization","@id":"https:\/\/ballmastertraining.com\/#organization","name":"Swissgoods","url":"https:\/\/ballmastertraining.com\/","logo":{"@type":"ImageObject","inLanguage":"de","@id":"https:\/\/ballmastertraining.com\/#\/schema\/logo\/image\/","url":"","contentUrl":"","caption":"Swissgoods"},"image":{"@id":"https:\/\/ballmastertraining.com\/#\/schema\/logo\/image\/"}}]}},"jetpack_sharing_enabled":true,"_links":{"self":[{"href":"https:\/\/ballmastertraining.com\/de\/wp-json\/wp\/v2\/pages\/3","targetHints":{"allow":["GET"]}}],"collection":[{"href":"https:\/\/ballmastertraining.com\/de\/wp-json\/wp\/v2\/pages"}],"about":[{"href":"https:\/\/ballmastertraining.com\/de\/wp-json\/wp\/v2\/types\/page"}],"author":[{"embeddable":true,"href":"https:\/\/ballmastertraining.com\/de\/wp-json\/wp\/v2\/users\/1"}],"replies":[{"embeddable":true,"href":"https:\/\/ballmastertraining.com\/de\/wp-json\/wp\/v2\/comments?post=3"}],"version-history":[{"count":5,"href":"https:\/\/ballmastertraining.com\/de\/wp-json\/wp\/v2\/pages\/3\/revisions"}],"predecessor-version":[{"id":9000,"href":"https:\/\/ballmastertraining.com\/de\/wp-json\/wp\/v2\/pages\/3\/revisions\/9000"}],"wp:attachment":[{"href":"https:\/\/ballmastertraining.com\/de\/wp-json\/wp\/v2\/media?parent=3"}],"curies":[{"name":"wp","href":"https:\/\/api.w.org\/{rel}","templated":true}]}}