{"id":7317,"date":"2025-07-03T17:03:20","date_gmt":"2025-07-03T17:03:20","guid":{"rendered":"https:\/\/ballmastertraining.com\/?page_id=7317"},"modified":"2025-08-18T13:09:40","modified_gmt":"2025-08-18T13:09:40","slug":"bedingungen","status":"publish","type":"page","link":"https:\/\/ballmastertraining.com\/de\/terms-conditions\/","title":{"rendered":"Bedingungen und Konditionen"},"content":{"rendered":"<p><strong>ALLGEMEINE GESCH\u00c4FTSBEDINGUNGEN DES ELEKTRONISCHEN GESCH\u00c4FTS<\/strong><br><strong>ALLGEMEINE BESTIMMUNGEN<\/strong><\/p>\n\n\n\n<p>These BallMaster electronic store terms and conditions (hereinafter referred to as the \u201cTerms\u201d) constitute an agreement between UAB Ballmaster, legal entity code 306709417, registered office address Perk\u016bnkiemio St. 19, LT-12120 Vilnius, Lithuania (hereinafter referred to as \u201cBallMaster\u201d or \u201cwe\u201d) and you, under which we will provide you with the opportunity to purchase goods and their sets (hereinafter referred to as \u201cProducts\u201d) offered in the BallMaster electronic store (hereinafter referred to as the \u201cE-store\u201d). Product sets may also include the BallMaster training program or other digital content (hereinafter referred to as \u201cContent\u201d) accessible on the website\u00a0<a href=\"https:\/\/www.ballmaster.io\/\" rel=\"noreferrer noopener\" target=\"_blank\">https:\/\/www.ballmaster.io<\/a>\u00a0(hereinafter referred to as the \u201cTraining System\u201d). You can familiarize yourself with the\u00a0<a href=\"https:\/\/ballmastertraining.com\/de\/pages\/training-system-rules\/\">Training System\u2019s terms<\/a>\u00a0on the Training System\u2019s website.<\/p>\n\n\n\n<p>Sie k\u00f6nnen uns per E-Mail kontaktieren:\u00a0<a href=\"mailto:info@ballmastertraining.com\" rel=\"noreferrer noopener\" target=\"_blank\">info@ballmastertraining.com<\/a>.<br>Bei Fragen zur Produktauswahl oder zur Nutzung des Schulungssystems k\u00f6nnen Sie auch die Telefonnummer +37060603051 anrufen (werktags von 9 bis 15 Uhr).<\/p>\n\n\n\n<p>Sie sind nur dann berechtigt, im E-Store einzukaufen, wenn Sie nach geltendem Recht in der Lage sind, einen verbindlichen Vertrag mit uns abzuschlie\u00dfen, und nur dann, wenn Sie die vorliegenden Bedingungen und die geltenden Gesetze einhalten. Wenn Sie unter 18 Jahre alt sind, d\u00fcrfen Sie nur mit der Zustimmung Ihrer Eltern oder anderer gesetzlicher Vertreter im E-Store einkaufen. Durch Ihre Bestellung best\u00e4tigen Sie, dass Sie mindestens 18 Jahre alt sind oder die Zustimmung Ihrer Eltern oder anderer gesetzlicher Vertreter haben.<\/p>\n\n\n\n<p><strong>EINKAUF IM E-STORE<\/strong><\/p>\n\n\n\n<p>Wenn Sie den E-Store besuchen und Produkte ausw\u00e4hlen, wird auf der Grundlage Ihrer Auswahl ein Einkaufswagen gebildet.<br>Nach der Bildung des Warenkorbs m\u00fcssen Sie die erforderlichen Angaben f\u00fcr die Lieferung der ausgew\u00e4hlten Produkte eingeben. Vergewissern Sie sich, dass die von Ihnen gemachten Angaben korrekt sind und dass die bestellten Produkte Ihren Anforderungen entsprechen. Sie haben die M\u00f6glichkeit, etwaige Fehler zu korrigieren, bevor Sie die Bestellung best\u00e4tigen. Die von Ihnen angegebenen Daten werden zu den Zwecken und auf die Art und Weise verarbeitet, wie sie in der\u00a0<a href=\"https:\/\/ballmastertraining.com\/de\/policies\/datenschutzbestimmungen\/\">Datenschutzbestimmungen.<\/a><\/p>\n\n\n\n<p>Wenn Sie eine Bestellung im E-Store aufgeben, erkl\u00e4ren Sie sich damit einverstanden, den in der Bestellung angegebenen Preis f\u00fcr die Produkte zu zahlen. Der Preis des Produkts im E-Store und in der Bestellung beinhaltet alle Steuern, aber nicht die Lieferkosten, die Sie separat bezahlen m\u00fcssen (sofern im E-Store nicht anders angegeben). Die Preise im E-Store und in der Bestellung sind in Euro angegeben.<\/p>\n\n\n\n<p>You can pay for the Products using the following methods: electronic banking, credit card, PayPal. Payments are accepted in euros. All payments are processed using the \u201cMakeCommerce.lt\u201d payment platform.<\/p>\n\n\n\n<p>Die Zahlung muss unmittelbar nach der Bestellung erfolgen.<\/p>\n\n\n\n<p>Mit der Best\u00e4tigung Ihrer Bestellung erhalten wir alle Informationen \u00fcber die Bestellung. Die Bestellung gilt ab dem Zeitpunkt, an dem wir sie erhalten, als abgegeben. Gleichzeitig wird davon ausgegangen, dass ein Vertrag zwischen Ihnen und uns zustande gekommen ist. Wir sind jedoch erst ab dem Zeitpunkt verpflichtet, einen solchen Vertrag auszuf\u00fchren, an dem wir eine Best\u00e4tigung des Zahlungsdienstleisters \u00fcber die Bezahlung der Produkte erhalten.<\/p>\n\n\n\n<p>Nach dem Absenden der Bestellung wird eine E-Mail an die von Ihnen angegebene E-Mail-Adresse gesendet, in der die bestellten Produkte und die von Ihnen angegebenen Daten aufgef\u00fchrt sind.<\/p>\n\n\n\n<p>Nach Erhalt der Mitteilung, dass Sie die Zahlung f\u00fcr die bestellten Produkte geleistet haben, verpflichten wir uns, Ihre Bestellung auszuf\u00fchren.<\/p>\n\n\n\n<p><strong>PRODUKTMERKMALE UND QUALIT\u00c4T<\/strong><\/p>\n\n\n\n<p>Die Produkteigenschaften sind im E-Store neben jeder Produktbeschreibung angegeben. Wir bem\u00fchen uns zu gew\u00e4hrleisten, dass die Produkte den in den Rechtsakten festgelegten Anforderungen entsprechen und f\u00fcr die Verwendung gem\u00e4\u00df ihrem Zweck geeignet sind.<\/p>\n\n\n\n<p>Mit Ihrer Bestellung best\u00e4tigen Sie, dass Sie sich damit vertraut gemacht haben und verstehen, dass die im E-Store angegebenen Produkte aufgrund der Eigenschaften oder Einstellungen Ihres Monitors oder anderer Ger\u00e4te in Farbe, Form oder anderen Parametern von der tats\u00e4chlichen Gr\u00f6\u00dfe, Form und Farbe der Produkte abweichen k\u00f6nnen. Solche Unterschiede werden nicht als Produktm\u00e4ngel betrachtet, au\u00dfer in F\u00e4llen, in denen die Abweichungen durch unsere Handlungen oder die Handlungen von mit uns verbundenen Dritten verursacht werden.<\/p>\n\n\n\n<p>Wir verpflichten uns, Produkte zu liefern, die mit den in der Produktbeschreibung im E-Store angegebenen Informationen \u00fcbereinstimmen. Wir verpflichten uns auch, Ihnen das Sortiment und die Menge der Produkte zu liefern, die Sie in der Bestellung angegeben haben, aber wir sind nicht verantwortlich f\u00fcr F\u00e4lle, in denen das Sortiment oder die Menge der gelieferten Produkte aufgrund falscher Daten, die Sie in der E-Store-Bestellung angegeben haben, ungenau ist.<\/p>\n\n\n\n<p><strong>PRODUKTAUSLIEFERUNG<\/strong><\/p>\n\n\n\n<p>Bei der Bestellung von Produkten m\u00fcssen Sie die Liefermethode ausw\u00e4hlen und die Lieferadresse angeben. Die Lieferung erfolgt durch Kuriere oder andere Zustelldienstleister.<\/p>\n\n\n\n<p>Please note that the specified delivery times are preliminary. Although we always strive to fulfill the order as quickly as possible, sometimes preparation may take longer due to a high volume of orders or the busyness of delivery service providers. We always inform you about the delivery status; follow this information. Once the shipment is sent, you can track it using the shipment number in the delivery service provider\u2019s system.<\/p>\n\n\n\n<p>Sollten Sie bei Erhalt der Produkte feststellen, dass das bestellte Produkt in der Lieferung fehlt, informieren Sie uns unverz\u00fcglich.<\/p>\n\n\n\n<p>Die Produkte werden unter Ber\u00fccksichtigung ihrer Beschaffenheit verpackt geliefert, um sicherzustellen, dass die Produkte f\u00fcr den bestimmungsgem\u00e4\u00dfen Gebrauch geeignet sind.<\/p>\n\n\n\n<p><strong>INHALTLICHE NUTZUNG<\/strong><\/p>\n\n\n\n<p>If you purchase Content along with the Products, you will access it by registering in the Training System and entering your unique activation code, which you will receive along with the Products (hereinafter referred to as the \u201cActivation Code\u201d).<\/p>\n\n\n\n<p>Durch die Eingabe des Aktivierungscodes in das Trainingssystem erwerben Sie das Recht (die Lizenz), den Inhalt unter den folgenden zentralen Bedingungen zu nutzen, denen Sie zustimmen:<\/p>\n\n\n\n<ul class=\"wp-block-list\">\n<li>Nur f\u00fcr pers\u00f6nliche Zwecke verwenden.<\/li>\n\n\n\n<li>Nutzung nur durch Sie und Ihre Familienangeh\u00f6rigen, Sie haben jedoch nicht das Recht, den Inhalt (oder Teile davon) zu kopieren, zu \u00fcbertragen (entgeltlich oder unentgeltlich) oder anderen Personen andere Rechte zur Nutzung des Inhalts (entgeltlich oder unentgeltlich) einzur\u00e4umen.<\/li>\n\n\n\n<li>Es ist nicht gestattet, den Inhalt zu modifizieren, zu ver\u00e4ndern, in andere Sprachen zu \u00fcbersetzen, neu zu erstellen oder davon abgeleitete Werke zu schaffen.<\/li>\n\n\n\n<li>Die Ihnen einger\u00e4umten Rechte sind nicht exklusiv, was bedeutet, dass wir und andere Personen den Inhalt ebenfalls nutzen k\u00f6nnen.<\/li>\n<\/ul>\n\n\n\n<p><strong>UMTAUSCH ODER R\u00dcCKGABE VON PRODUKTEN<\/strong><\/p>\n\n\n\n<p><strong>Recht auf R\u00fccktritt vom Vertrag innerhalb von 14 Tagen (gilt nur f\u00fcr Verbraucher)<\/strong><\/p>\n\n\n\n<p>Wenn Sie im E-Store als Verbraucher kaufen (d.h. als nat\u00fcrliche Person, die zu Zwecken handelt, die nicht mit ihrem Gesch\u00e4ft, Handel, Handwerk oder Beruf zusammenh\u00e4ngen (zu Verbraucherzwecken)), haben Sie das Recht, im E-Store gekaufte Produkte innerhalb von 14 (vierzehn) Kalendertagen ab dem Tag, an dem Sie das Produkt erhalten haben, zur\u00fcckzugeben. Sie k\u00f6nnen dies ohne Angabe von Gr\u00fcnden tun (d.h. Sie k\u00f6nnen von Ihrem Recht auf R\u00fccktritt vom Fernabsatzvertrag Gebrauch machen, das Ihnen durch litauische und EU-Rechtsakte gew\u00e4hrt wird).<\/p>\n\n\n\n<p>Wenn Sie den Inhalt zusammen mit den Produkten im E-Store gekauft haben, k\u00f6nnen Sie vom Vertrag \u00fcber den Kauf des Inhalts nur zur\u00fccktreten, bis Sie die Sendung des Lieferdienstleisters (Kuriers) mit dem Ihnen zugesandten Aktivierungscode erhalten haben, sp\u00e4testens jedoch 14 (vierzehn) Tage nach dem Datum der Bestellung. Wenn Sie die Sendung mit dem Aktivierungscode vom Lieferdienstleister (Kurier) nicht erhalten, wird davon ausgegangen, dass Ihnen der Inhalt zur Verf\u00fcgung gestellt wurde. Wenn Sie Produkte zusammen mit dem Inhalt bestellen, best\u00e4tigen Sie, dass Sie damit einverstanden sind, dass Ihnen der Inhalt fr\u00fcher als innerhalb von 14 (vierzehn) Tagen zur Verf\u00fcgung gestellt wird, und Sie erkennen an, dass Sie das Recht verlieren, vom Vertrag \u00fcber den Kauf des Inhalts zur\u00fcckzutreten.<\/p>\n\n\n\n<p>Nach Erhalt der Sendung mit dem Aktivierungscode durch den Lieferdienstleister (Kurier) k\u00f6nnen Sie nicht mehr vom Vertrag \u00fcber den Kauf des Inhalts zur\u00fccktreten. Wenn Sie sich in einem solchen Fall entscheiden, die zusammen mit dem Inhalt gekauften Produkte zur\u00fcckzugeben, erstatten wir Ihnen nur den Preis der Produkte und die Ihnen entstandenen Lieferkosten.<\/p>\n\n\n\n<p>Wenn Sie den Vertrag widerrufen, muss das Produkt bei der R\u00fccksendung unbenutzt, mit Etiketten und in der Originalverpackung sein, unbesch\u00e4digt und ohne Beeintr\u00e4chtigung des Aussehens. Diese Voraussetzung sehen wir als erf\u00fcllt an, wenn Sie bei der Pr\u00fcfung des Produkts nur solche Handlungen vorgenommen haben, die zur Beurteilung des Produkts erforderlich sind und die Sie normalerweise bei einer Pr\u00fcfung des Produkts in einem Ladengesch\u00e4ft vornehmen w\u00fcrden.<\/p>\n\n\n\n<p>Um von Ihrem Widerrufsrecht Gebrauch zu machen, m\u00fcssen Sie uns sp\u00e4testens innerhalb von 14 (vierzehn) Kalendertagen ab dem Tag des Erhalts des Produkts \u00fcber die zu Beginn dieser Bedingungen angegebene E-Mail-Adresse benachrichtigen und den Kaufbeleg beif\u00fcgen. Sie k\u00f6nnen das Musterformular f\u00fcr die R\u00fcckgabeerkl\u00e4rung verwenden\u00a0<a href=\"https:\/\/ballmastertraining.com\/de\/pages\/return-form\/\">hier zur Verf\u00fcgung gestellt<\/a>.<\/p>\n\n\n\n<p>Wenn Sie den Vertrag widerrufen wollen, m\u00fcssen Sie die Produkte unverz\u00fcglich und in jedem Fall sp\u00e4testens binnen 14 (vierzehn) Kalendertagen ab dem Tag, an dem Sie uns die R\u00fccksendung per E-Mail mitgeteilt haben, an die folgende Adresse senden:<\/p>\n\n\n\n<p>Anschrift: UAB Shipaway, Sodyb\u0173 St. 7a, 13277, Vilnius, Litauen<br>Kontakt Telefon: +370 600 03727<br>E-Mail:\u00a0<a href=\"mailto:info@shipaway.lt\" rel=\"noreferrer noopener\" target=\"_blank\">info@shipaway.lt<\/a><\/p>\n\n\n\n<p>Die Frist ist gewahrt, wenn Sie die Waren vor Ablauf der Frist von 14 (vierzehn) Tagen absenden. Sie haben die Kosten f\u00fcr die R\u00fccksendung der Produkte an uns zu tragen, es sei denn, wir vereinbaren etwas anderes.<\/p>\n\n\n\n<p>Wenn Sie den Vertrag widerrufen, verpflichten wir uns, alle von Ihnen f\u00fcr das Produkt und dessen Lieferung an Sie gezahlten Betr\u00e4ge sp\u00e4testens innerhalb von 14 (vierzehn) Kalendertagen ab dem Tag, an dem Sie uns per E-Mail \u00fcber die R\u00fcckgabe informiert haben, zu erstatten, jedoch nicht fr\u00fcher, als wir das zur\u00fcckgegebene Produkt erhalten haben (es sei denn, wir entscheiden nach eigenem Ermessen, nicht auf das zur\u00fcckgegebene Produkt zu warten).<\/p>\n\n\n\n<p>K\u00e4ufer, die im E-Store zu nicht-kommerziellen Zwecken einkaufen, haben kein R\u00fccktrittsrecht, es sei denn, es wurde mit uns ausdr\u00fccklich schriftlich etwas anderes vereinbart.<\/p>\n\n\n\n<p><strong>Defekte Produkte<\/strong><\/p>\n\n\n\n<p>F\u00fcr die Produkte gilt die in den Gesetzen der Republik Litauen vorgesehene Garantie, d. h. wir sind gegen\u00fcber dem Verbraucher f\u00fcr die Nichteinhaltung der Qualit\u00e4tsanforderungen zum Zeitpunkt der Lieferung verantwortlich, die sp\u00e4testens zwei Jahre nach der Lieferung des Produkts festgestellt wird.<\/p>\n\n\n\n<p>Wenn ein im E-Store gekauftes Produkt von unzureichender Qualit\u00e4t ist, haben Sie das Recht, gem\u00e4\u00df den gesetzlich festgelegten Verfahren und Fristen zu verlangen, dass wir die M\u00e4ngel des Produkts kostenlos beseitigen oder das mangelhafte Produkt durch ein Produkt von angemessener Qualit\u00e4t ersetzen, oder, in den gesetzlich vorgesehenen F\u00e4llen, eine entsprechende Preisminderung oder die R\u00fcckgabe des Produkts zu verlangen.<\/p>\n\n\n\n<p>Wenn Sie der Meinung sind, dass ein im E-Store gekauftes Produkt von unzureichender Qualit\u00e4t ist und Sie dessen M\u00e4ngel festgestellt haben, m\u00fcssen Sie uns dies und die von Ihnen bevorzugte L\u00f6sungsmethode sp\u00e4testens zwei Monate nach dem Tag, an dem der Mangel entdeckt wurde, \u00fcber die am Anfang dieser Bedingungen angegebene E-Mail-Adresse mitteilen. Wenn Sie ein fehlerhaftes Produkt melden, geben Sie bitte eine detaillierte Beschreibung des Ortes und des Zeitpunkts, an dem der Fehler aufgetreten ist, und f\u00fcgen Sie Fotos des Produkts und des Fehlers sowie alle anderen relevanten Informationen bei, die zur Identifizierung des Fehlers beitragen.<\/p>\n\n\n\n<p>The buyer\u2019s rights related to defective Products are implemented in accordance with the procedures specified in Articles 6.364(1)-6.364(3) of the Civil Code of the Republic of Lithuania.<\/p>\n\n\n\n<p><strong>GEISTIGES EIGENTUM<\/strong><\/p>\n\n\n\n<p>Marken und andere Zeichen, die zur Kennzeichnung der Produkte verwendet werden, sowie das Design der Produkte, Urheberrechte und andere geistige Eigentumsrechte an den Produkten und Inhalten geh\u00f6ren BallMaster und\/oder anderen Personen und sind durch Rechtsakte gesch\u00fctzt. BallMaster sch\u00e4tzt sein geistiges Eigentum, l\u00e4sst es registrieren und sch\u00fctzt es auf andere Weise und verteidigt seine geistigen Eigentumsrechte aktiv.<\/p>\n\n\n\n<p>Die im E-Store und im Trainingssystem verwendeten Marken und Logos, Domainnamen, der E-Store selbst, das Trainingssystem und die Websites, auf denen sie gehostet werden, sowie alle einzelnen Elemente davon, einschlie\u00dflich Videomaterial, Texte, Fotos, Zeichnungen und alles im E-Store, im Trainingssystem und auf den Websites verf\u00fcgbare Material, die Pr\u00e4sentation, das Aussehen und das Design jeder Seite des E-Stores, des Trainingssystems oder der Websites sowie alle geistigen Eigentumsrechte daran geh\u00f6ren ausschlie\u00dflich BallMaster und\/oder anderen Personen.<\/p>\n\n\n\n<p>Sie verpflichten sich, diese Objekte des geistigen Eigentums nicht zu kopieren, zu ver\u00e4ndern oder anderweitig zu nutzen, ohne die gesonderte schriftliche Zustimmung des Rechteinhabers einzuholen.<\/p>\n\n\n\n<p><strong>HAFTUNG<\/strong><\/p>\n\n\n\n<p>BallMaster\u2019s liability for the quality and delivery of Products is established by applicable legal acts.<\/p>\n\n\n\n<p>Sie m\u00fcssen uns alle angeforderten Informationen korrekt und vollst\u00e4ndig zur Verf\u00fcgung stellen. Sie sind f\u00fcr die Angabe der richtigen Lieferadresse f\u00fcr die Produkte verantwortlich.<\/p>\n\n\n\n<p>Der E-Store oder das Trainingssystem kann Links zu Websites, Werbetr\u00e4gern, Produkten, Dienstleistungen, Sonderangeboten oder anderen Veranstaltungen oder Aktivit\u00e4ten Dritter enthalten, die nicht in unserem Besitz sind oder von uns kontrolliert werden. Wir \u00fcbernehmen keine Verantwortung f\u00fcr solche Websites, Informationen, Materialien, Produkte oder Dienstleistungen Dritter. Wenn Sie \u00fcber den E-Store oder das Trainingssystem auf eine Website, ein Produkt, eine Dienstleistung oder einen Inhalt Dritter zugreifen, tun Sie dies auf eigenes Risiko und erkl\u00e4ren sich damit einverstanden, dass wir nicht f\u00fcr Ihre Nutzung einer Website, einer Dienstleistung oder eines Inhalts Dritter oder den Zugriff auf diese verantwortlich sind.<\/p>\n\n\n\n<p><strong>\u00c4NDERUNGEN UND BEENDIGUNG<\/strong><\/p>\n\n\n\n<p>Wir k\u00f6nnen diese Bedingungen von Zeit zu Zeit \u00e4ndern. Die letzte (aktuelle) Version der Bedingungen wird immer im E-Store sichtbar und zug\u00e4nglich sein. Bevor Sie eine Bestellung best\u00e4tigen, m\u00fcssen Sie sich mit der zu diesem Zeitpunkt g\u00fcltigen Fassung der Bedingungen vertraut machen. F\u00fcr jede Bestellung gilt die zum Zeitpunkt der Best\u00e4tigung der Bestellung g\u00fcltige Fassung der AGB.<\/p>\n\n\n\n<p>Wir haben das Recht, den Betrieb des E-Stores jederzeit einzustellen (zu beenden). Eine solche Beendigung hat keine Auswirkungen auf die zu diesem Zeitpunkt bestehenden Kauf- und Verkaufsvertr\u00e4ge.<\/p>\n\n\n\n<p><strong>SONSTIGE TERMINE<\/strong><\/p>\n\n\n\n<p>Diese Bedingungen und jeder Kaufvertrag werden in \u00dcbereinstimmung mit den Gesetzen der Republik Litauen geschlossen und interpretiert.<\/p>\n\n\n\n<p>Alle Streitigkeiten, Meinungsverschiedenheiten oder Anspr\u00fcche, die sich aus diesen Bedingungen oder einzelnen Kaufvertr\u00e4gen ergeben oder damit zusammenh\u00e4ngen, sowie Fragen ihrer Verletzung, Beendigung oder G\u00fcltigkeit werden vor den Gerichten der Republik Litauen in \u00dcbereinstimmung mit den durch die Gesetze der Republik Litauen festgelegten Verfahren entschieden. Die zust\u00e4ndige Beh\u00f6rde f\u00fcr die au\u00dfergerichtliche Beilegung von Verbraucherstreitigkeiten, die sich aus diesen Bedingungen ergeben, ist die staatliche Beh\u00f6rde f\u00fcr den Schutz der Verbraucherrechte (Adresse: A. Go\u0161tauto St. 12, LT-01108 Vilnius, Telefon: (8 5) 262 6751, E-Mail:\u00a0<a href=\"mailto:tarnyba@vvtat.lt\" rel=\"noreferrer noopener\" target=\"_blank\">tarnyba@vvtat.lt<\/a>Website:\u00a0<a href=\"http:\/\/www.vvtat.lt\/\" rel=\"noreferrer noopener\" target=\"_blank\">http:\/\/www.vvtat.lt<\/a>), und eine Beschwerde kann auch \u00fcber die elektronische Plattform zur Streitbeilegung eingereicht werden\u00a0<a href=\"http:\/\/ec.europa.eu\/odr\/\" rel=\"noreferrer noopener\" target=\"_blank\">http:\/\/ec.europa.eu\/odr\/<\/a>.<\/p>\n\n\n\n<p>Alle Benachrichtigungen oder andere Mitteilungen im Zusammenhang mit Eink\u00e4ufen im E-Store, diese Bedingungen, werden per E-Mail (an uns - an die am Anfang dieser Bedingungen angegebene E-Mail-Adresse, an Sie - an die bei der Bestellung angegebene E-Mail-Adresse) gesendet.<\/p>\n\n\n\n<p>Sollte eine Bestimmung dieser Bedingungen ganz oder teilweise unwirksam sein oder werden, so ber\u00fchrt dies die Wirksamkeit der \u00fcbrigen Bestimmungen nicht.<\/p>\n\n\n\n<p>Die Bedingungen wurden am 16. Januar 2025 aktualisiert.<\/p>","protected":false},"excerpt":{"rendered":"<p>ELECTRONIC STORE TERMS AND CONDITIONSGENERAL PROVISIONS These BallMaster electronic store terms and conditions (hereinafter referred to as the \u201cTerms\u201d) constitute an agreement between UAB Ballmaster, legal entity code 306709417, registered office address Perk\u016bnkiemio St. 19, LT-12120 Vilnius, Lithuania (hereinafter referred to as \u201cBallMaster\u201d or \u201cwe\u201d) and you, under which we will provide you with the [&hellip;]<\/p>\n","protected":false},"author":1,"featured_media":0,"parent":0,"menu_order":0,"comment_status":"closed","ping_status":"closed","template":"","meta":{"footnotes":""},"class_list":["post-7317","page","type-page","status-publish","hentry"],"yoast_head":"<!-- This site is optimized with the Yoast SEO plugin v27.5 - https:\/\/yoast.com\/product\/yoast-seo-wordpress\/ -->\n<title>Terms &amp; Conditions | Ballmaster<\/title>\n<meta name=\"robots\" content=\"index, follow, max-snippet:-1, max-image-preview:large, max-video-preview:-1\" \/>\n<link rel=\"canonical\" href=\"https:\/\/ballmastertraining.com\/de\/bedingungen\/\" \/>\n<meta property=\"og:locale\" content=\"de_DE\" \/>\n<meta property=\"og:type\" content=\"article\" \/>\n<meta property=\"og:title\" content=\"Terms &amp; Conditions | Ballmaster\" \/>\n<meta property=\"og:url\" content=\"https:\/\/ballmastertraining.com\/de\/bedingungen\/\" \/>\n<meta property=\"og:site_name\" content=\"ballmastertraining.com\" \/>\n<meta property=\"article:modified_time\" content=\"2025-08-18T13:09:40+00:00\" \/>\n<meta name=\"twitter:card\" content=\"summary_large_image\" \/>\n<meta name=\"twitter:label1\" content=\"Gesch\u00e4tzte Lesezeit\" \/>\n\t<meta name=\"twitter:data1\" content=\"11\u00a0Minuten\" \/>\n<script type=\"application\/ld+json\" class=\"yoast-schema-graph\">{\"@context\":\"https:\\\/\\\/schema.org\",\"@graph\":[{\"@type\":\"WebPage\",\"@id\":\"https:\\\/\\\/ballmastertraining.com\\\/de\\\/terms-conditions\\\/\",\"url\":\"https:\\\/\\\/ballmastertraining.com\\\/de\\\/terms-conditions\\\/\",\"name\":\"Terms & Conditions | Ballmaster\",\"isPartOf\":{\"@id\":\"https:\\\/\\\/ballmastertraining.com\\\/#website\"},\"datePublished\":\"2025-07-03T17:03:20+00:00\",\"dateModified\":\"2025-08-18T13:09:40+00:00\",\"breadcrumb\":{\"@id\":\"https:\\\/\\\/ballmastertraining.com\\\/de\\\/terms-conditions\\\/#breadcrumb\"},\"inLanguage\":\"de\",\"potentialAction\":[{\"@type\":\"ReadAction\",\"target\":[\"https:\\\/\\\/ballmastertraining.com\\\/de\\\/terms-conditions\\\/\"]}]},{\"@type\":\"BreadcrumbList\",\"@id\":\"https:\\\/\\\/ballmastertraining.com\\\/de\\\/terms-conditions\\\/#breadcrumb\",\"itemListElement\":[{\"@type\":\"ListItem\",\"position\":1,\"name\":\"Home\",\"item\":\"https:\\\/\\\/ballmastertraining.com\\\/\"},{\"@type\":\"ListItem\",\"position\":2,\"name\":\"Terms &amp; Conditions\"}]},{\"@type\":\"WebSite\",\"@id\":\"https:\\\/\\\/ballmastertraining.com\\\/#website\",\"url\":\"https:\\\/\\\/ballmastertraining.com\\\/\",\"name\":\"ballmastertraining.com\",\"description\":\"\",\"publisher\":{\"@id\":\"https:\\\/\\\/ballmastertraining.com\\\/#organization\"},\"potentialAction\":[{\"@type\":\"SearchAction\",\"target\":{\"@type\":\"EntryPoint\",\"urlTemplate\":\"https:\\\/\\\/ballmastertraining.com\\\/?s={search_term_string}\"},\"query-input\":{\"@type\":\"PropertyValueSpecification\",\"valueRequired\":true,\"valueName\":\"search_term_string\"}}],\"inLanguage\":\"de\"},{\"@type\":\"Organization\",\"@id\":\"https:\\\/\\\/ballmastertraining.com\\\/#organization\",\"name\":\"Swissgoods\",\"url\":\"https:\\\/\\\/ballmastertraining.com\\\/\",\"logo\":{\"@type\":\"ImageObject\",\"inLanguage\":\"de\",\"@id\":\"https:\\\/\\\/ballmastertraining.com\\\/#\\\/schema\\\/logo\\\/image\\\/\",\"url\":\"\",\"contentUrl\":\"\",\"caption\":\"Swissgoods\"},\"image\":{\"@id\":\"https:\\\/\\\/ballmastertraining.com\\\/#\\\/schema\\\/logo\\\/image\\\/\"}}]}<\/script>\n<!-- \/ Yoast SEO plugin. -->","yoast_head_json":{"title":"Bedingungen und Konditionen | Ballmaster","robots":{"index":"index","follow":"follow","max-snippet":"max-snippet:-1","max-image-preview":"max-image-preview:large","max-video-preview":"max-video-preview:-1"},"canonical":"https:\/\/ballmastertraining.com\/de\/bedingungen\/","og_locale":"de_DE","og_type":"article","og_title":"Terms & Conditions | Ballmaster","og_url":"https:\/\/ballmastertraining.com\/de\/bedingungen\/","og_site_name":"ballmastertraining.com","article_modified_time":"2025-08-18T13:09:40+00:00","twitter_card":"summary_large_image","twitter_misc":{"Gesch\u00e4tzte Lesezeit":"11\u00a0Minuten"},"schema":{"@context":"https:\/\/schema.org","@graph":[{"@type":"WebPage","@id":"https:\/\/ballmastertraining.com\/de\/terms-conditions\/","url":"https:\/\/ballmastertraining.com\/de\/terms-conditions\/","name":"Bedingungen und Konditionen | Ballmaster","isPartOf":{"@id":"https:\/\/ballmastertraining.com\/#website"},"datePublished":"2025-07-03T17:03:20+00:00","dateModified":"2025-08-18T13:09:40+00:00","breadcrumb":{"@id":"https:\/\/ballmastertraining.com\/de\/terms-conditions\/#breadcrumb"},"inLanguage":"de","potentialAction":[{"@type":"ReadAction","target":["https:\/\/ballmastertraining.com\/de\/terms-conditions\/"]}]},{"@type":"BreadcrumbList","@id":"https:\/\/ballmastertraining.com\/de\/terms-conditions\/#breadcrumb","itemListElement":[{"@type":"ListItem","position":1,"name":"Home","item":"https:\/\/ballmastertraining.com\/"},{"@type":"ListItem","position":2,"name":"Terms &amp; Conditions"}]},{"@type":"WebSite","@id":"https:\/\/ballmastertraining.com\/#website","url":"https:\/\/ballmastertraining.com\/","name":"ballmastertraining.com","description":"","publisher":{"@id":"https:\/\/ballmastertraining.com\/#organization"},"potentialAction":[{"@type":"SearchAction","target":{"@type":"EntryPoint","urlTemplate":"https:\/\/ballmastertraining.com\/?s={search_term_string}"},"query-input":{"@type":"PropertyValueSpecification","valueRequired":true,"valueName":"search_term_string"}}],"inLanguage":"de"},{"@type":"Organization","@id":"https:\/\/ballmastertraining.com\/#organization","name":"Swissgoods","url":"https:\/\/ballmastertraining.com\/","logo":{"@type":"ImageObject","inLanguage":"de","@id":"https:\/\/ballmastertraining.com\/#\/schema\/logo\/image\/","url":"","contentUrl":"","caption":"Swissgoods"},"image":{"@id":"https:\/\/ballmastertraining.com\/#\/schema\/logo\/image\/"}}]}},"jetpack_sharing_enabled":true,"_links":{"self":[{"href":"https:\/\/ballmastertraining.com\/de\/wp-json\/wp\/v2\/pages\/7317","targetHints":{"allow":["GET"]}}],"collection":[{"href":"https:\/\/ballmastertraining.com\/de\/wp-json\/wp\/v2\/pages"}],"about":[{"href":"https:\/\/ballmastertraining.com\/de\/wp-json\/wp\/v2\/types\/page"}],"author":[{"embeddable":true,"href":"https:\/\/ballmastertraining.com\/de\/wp-json\/wp\/v2\/users\/1"}],"replies":[{"embeddable":true,"href":"https:\/\/ballmastertraining.com\/de\/wp-json\/wp\/v2\/comments?post=7317"}],"version-history":[{"count":4,"href":"https:\/\/ballmastertraining.com\/de\/wp-json\/wp\/v2\/pages\/7317\/revisions"}],"predecessor-version":[{"id":8999,"href":"https:\/\/ballmastertraining.com\/de\/wp-json\/wp\/v2\/pages\/7317\/revisions\/8999"}],"wp:attachment":[{"href":"https:\/\/ballmastertraining.com\/de\/wp-json\/wp\/v2\/media?parent=7317"}],"curies":[{"name":"wp","href":"https:\/\/api.w.org\/{rel}","templated":true}]}}