{"id":9001,"date":"2025-08-18T13:13:29","date_gmt":"2025-08-18T13:13:29","guid":{"rendered":"https:\/\/ballmastertraining.com\/?page_id=9001"},"modified":"2025-08-18T13:13:30","modified_gmt":"2025-08-18T13:13:30","slug":"lieferung","status":"publish","type":"page","link":"https:\/\/ballmastertraining.com\/de\/delivery\/","title":{"rendered":"Lieferung"},"content":{"rendered":"<p>Informationen zu Versandkosten, Lieferzeiten und Kurierdiensten finden Sie auf dieser Seite. Bitte beachten Sie: Bei Bestellungen, die au\u00dferhalb der EU versandt werden, k\u00f6nnen zus\u00e4tzliche Z\u00f6lle und Steuern anfallen.<\/p>\n\n\n\n<p>Kostenloser Versand in EU-L\u00e4nder bei Bestellungen ab 69 \u20ac.<\/p>\n\n\n\n<p>Wir arbeiten mit\u00a0<a href=\"https:\/\/www.dpd.com\/\">DPD<\/a>,\u00a0<a href=\"https:\/\/www.packeta.com\/global\">Packeta<\/a>und\u00a0<a href=\"https:\/\/www.ups.com\/us\/en\/Home.page\">UPS<\/a>\u00a0um Ihnen wettbewerbsf\u00e4hige, auf Ihr Land zugeschnittene Versandtarife zu bieten. So wird sichergestellt, dass Sie den besten Wert f\u00fcr Ihre Sendung erhalten.<\/p>\n\n\n\n<h2 class=\"wp-block-heading\">Durchschnittliche Lieferfrist<\/h2>\n\n\n\n<figure class=\"wp-block-table\"><table class=\"has-fixed-layout\"><tbody><tr><td>Deutschland, \u00d6sterreich, Slowenien<\/td><td><strong>1-4 Tage<\/strong><\/td><\/tr><tr><td>Belgien, Luxemburg, Niederlande, Spanien, Portugal, Frankreich, Italien<\/td><td><strong>1-5 Tage<\/strong><\/td><\/tr><tr><td>Polen<\/td><td><strong>1-3 Tage<\/strong><\/td><\/tr><tr><td>UK<\/td><td><strong>1-5 Tage<\/strong><\/td><\/tr><tr><td>Andere<\/td><td><strong>1-5 Tage<\/strong><\/td><\/tr><\/tbody><\/table><\/figure>\n\n\n\n<h2 class=\"wp-block-heading\">Kurier<\/h2>\n\n\n\n<figure class=\"wp-block-table\"><table class=\"has-fixed-layout\"><tbody><tr><td>Lettland, Polen, Deutschland, Tschechische Republik, Niederlande, Belgien, Slowakei und Slowenien<\/td><td><strong>\u20ac4.99<\/strong><\/td><\/tr><tr><td>F\u00fcr andere EU-L\u00e4nder<\/td><td><strong>\u20ac6.99<\/strong><\/td><\/tr><tr><td>Vereinigtes K\u00f6nigreich, Schweiz, Island und Norwegen<\/td><td><strong>\u20ac9.99<\/strong><\/td><\/tr><\/tbody><\/table><\/figure>\n\n\n\n<h2 class=\"wp-block-heading\">Steuern und zollfreier Betrag<\/h2>\n\n\n\n<p>Bitte beachten Sie, dass in Nicht-EU-L\u00e4ndern (Gro\u00dfbritannien, Schweiz, Norwegen) zus\u00e4tzliche Geb\u00fchren anfallen k\u00f6nnen. F\u00fcr Informationen \u00fcber Zollgeb\u00fchren und Mehrwertsteuer wenden Sie sich bitte an die Zollbeh\u00f6rde in Ihrem Land.<\/p>\n\n\n\n<p><strong>Land:<\/strong>\u00a0Vereinigtes K\u00f6nigreich<\/p>\n\n\n\n<p><strong>Betrag der zollfreien Bestellung:<\/strong>\u00a0Bis zu 135(156EUR) GBR pro Paket<\/p>\n\n\n\n<p><strong>Weitere Informationen:<\/strong><a href=\"https:\/\/www.gov.uk\/goods-sent-from-abroad\/tax-and-duty\" target=\"_blank\" rel=\"noreferrer noopener\">https:\/\/www.gov.uk\/goods-sent-from-abroad\/tax-and-duty<\/a><\/p>","protected":false},"excerpt":{"rendered":"<p>ind shipping rates, delivery times, and courier information on this page. Please note: Orders shipped outside the EU may be subject to additional duties and taxes. Free shipping to EU countries for orders from \u20ac69 We work with\u00a0DPD,\u00a0Packeta, and\u00a0UPS\u00a0to provide you with competitive shipping rates tailored to your country. This ensures you get the best [&hellip;]<\/p>\n","protected":false},"author":1,"featured_media":0,"parent":0,"menu_order":0,"comment_status":"closed","ping_status":"closed","template":"","meta":{"footnotes":""},"class_list":["post-9001","page","type-page","status-publish","hentry"],"yoast_head":"<!-- This site is optimized with the Yoast SEO plugin v27.5 - https:\/\/yoast.com\/product\/yoast-seo-wordpress\/ -->\n<title>Delivery | Ballmaster<\/title>\n<meta name=\"robots\" content=\"index, follow, max-snippet:-1, max-image-preview:large, max-video-preview:-1\" \/>\n<link rel=\"canonical\" href=\"https:\/\/ballmastertraining.com\/de\/lieferung\/\" \/>\n<meta property=\"og:locale\" content=\"de_DE\" \/>\n<meta property=\"og:type\" content=\"article\" \/>\n<meta property=\"og:title\" content=\"Delivery | Ballmaster\" \/>\n<meta property=\"og:url\" content=\"https:\/\/ballmastertraining.com\/de\/lieferung\/\" \/>\n<meta property=\"og:site_name\" content=\"ballmastertraining.com\" \/>\n<meta property=\"article:modified_time\" content=\"2025-08-18T13:13:30+00:00\" \/>\n<meta name=\"twitter:card\" content=\"summary_large_image\" \/>\n<meta name=\"twitter:label1\" content=\"Gesch\u00e4tzte Lesezeit\" \/>\n\t<meta name=\"twitter:data1\" content=\"1\u00a0Minute\" \/>\n<script type=\"application\/ld+json\" class=\"yoast-schema-graph\">{\"@context\":\"https:\\\/\\\/schema.org\",\"@graph\":[{\"@type\":\"WebPage\",\"@id\":\"https:\\\/\\\/ballmastertraining.com\\\/de\\\/delivery\\\/\",\"url\":\"https:\\\/\\\/ballmastertraining.com\\\/de\\\/delivery\\\/\",\"name\":\"Delivery | Ballmaster\",\"isPartOf\":{\"@id\":\"https:\\\/\\\/ballmastertraining.com\\\/#website\"},\"datePublished\":\"2025-08-18T13:13:29+00:00\",\"dateModified\":\"2025-08-18T13:13:30+00:00\",\"breadcrumb\":{\"@id\":\"https:\\\/\\\/ballmastertraining.com\\\/de\\\/delivery\\\/#breadcrumb\"},\"inLanguage\":\"de\",\"potentialAction\":[{\"@type\":\"ReadAction\",\"target\":[\"https:\\\/\\\/ballmastertraining.com\\\/de\\\/delivery\\\/\"]}]},{\"@type\":\"BreadcrumbList\",\"@id\":\"https:\\\/\\\/ballmastertraining.com\\\/de\\\/delivery\\\/#breadcrumb\",\"itemListElement\":[{\"@type\":\"ListItem\",\"position\":1,\"name\":\"Home\",\"item\":\"https:\\\/\\\/ballmastertraining.com\\\/\"},{\"@type\":\"ListItem\",\"position\":2,\"name\":\"Delivery\"}]},{\"@type\":\"WebSite\",\"@id\":\"https:\\\/\\\/ballmastertraining.com\\\/#website\",\"url\":\"https:\\\/\\\/ballmastertraining.com\\\/\",\"name\":\"ballmastertraining.com\",\"description\":\"\",\"publisher\":{\"@id\":\"https:\\\/\\\/ballmastertraining.com\\\/#organization\"},\"potentialAction\":[{\"@type\":\"SearchAction\",\"target\":{\"@type\":\"EntryPoint\",\"urlTemplate\":\"https:\\\/\\\/ballmastertraining.com\\\/?s={search_term_string}\"},\"query-input\":{\"@type\":\"PropertyValueSpecification\",\"valueRequired\":true,\"valueName\":\"search_term_string\"}}],\"inLanguage\":\"de\"},{\"@type\":\"Organization\",\"@id\":\"https:\\\/\\\/ballmastertraining.com\\\/#organization\",\"name\":\"Swissgoods\",\"url\":\"https:\\\/\\\/ballmastertraining.com\\\/\",\"logo\":{\"@type\":\"ImageObject\",\"inLanguage\":\"de\",\"@id\":\"https:\\\/\\\/ballmastertraining.com\\\/#\\\/schema\\\/logo\\\/image\\\/\",\"url\":\"\",\"contentUrl\":\"\",\"caption\":\"Swissgoods\"},\"image\":{\"@id\":\"https:\\\/\\\/ballmastertraining.com\\\/#\\\/schema\\\/logo\\\/image\\\/\"}}]}<\/script>\n<!-- \/ Yoast SEO plugin. -->","yoast_head_json":{"title":"Lieferung | Ballmaster","robots":{"index":"index","follow":"follow","max-snippet":"max-snippet:-1","max-image-preview":"max-image-preview:large","max-video-preview":"max-video-preview:-1"},"canonical":"https:\/\/ballmastertraining.com\/de\/lieferung\/","og_locale":"de_DE","og_type":"article","og_title":"Delivery | Ballmaster","og_url":"https:\/\/ballmastertraining.com\/de\/lieferung\/","og_site_name":"ballmastertraining.com","article_modified_time":"2025-08-18T13:13:30+00:00","twitter_card":"summary_large_image","twitter_misc":{"Gesch\u00e4tzte Lesezeit":"1\u00a0Minute"},"schema":{"@context":"https:\/\/schema.org","@graph":[{"@type":"WebPage","@id":"https:\/\/ballmastertraining.com\/de\/delivery\/","url":"https:\/\/ballmastertraining.com\/de\/delivery\/","name":"Lieferung | Ballmaster","isPartOf":{"@id":"https:\/\/ballmastertraining.com\/#website"},"datePublished":"2025-08-18T13:13:29+00:00","dateModified":"2025-08-18T13:13:30+00:00","breadcrumb":{"@id":"https:\/\/ballmastertraining.com\/de\/delivery\/#breadcrumb"},"inLanguage":"de","potentialAction":[{"@type":"ReadAction","target":["https:\/\/ballmastertraining.com\/de\/delivery\/"]}]},{"@type":"BreadcrumbList","@id":"https:\/\/ballmastertraining.com\/de\/delivery\/#breadcrumb","itemListElement":[{"@type":"ListItem","position":1,"name":"Home","item":"https:\/\/ballmastertraining.com\/"},{"@type":"ListItem","position":2,"name":"Delivery"}]},{"@type":"WebSite","@id":"https:\/\/ballmastertraining.com\/#website","url":"https:\/\/ballmastertraining.com\/","name":"ballmastertraining.com","description":"","publisher":{"@id":"https:\/\/ballmastertraining.com\/#organization"},"potentialAction":[{"@type":"SearchAction","target":{"@type":"EntryPoint","urlTemplate":"https:\/\/ballmastertraining.com\/?s={search_term_string}"},"query-input":{"@type":"PropertyValueSpecification","valueRequired":true,"valueName":"search_term_string"}}],"inLanguage":"de"},{"@type":"Organization","@id":"https:\/\/ballmastertraining.com\/#organization","name":"Swissgoods","url":"https:\/\/ballmastertraining.com\/","logo":{"@type":"ImageObject","inLanguage":"de","@id":"https:\/\/ballmastertraining.com\/#\/schema\/logo\/image\/","url":"","contentUrl":"","caption":"Swissgoods"},"image":{"@id":"https:\/\/ballmastertraining.com\/#\/schema\/logo\/image\/"}}]}},"jetpack_sharing_enabled":true,"_links":{"self":[{"href":"https:\/\/ballmastertraining.com\/de\/wp-json\/wp\/v2\/pages\/9001","targetHints":{"allow":["GET"]}}],"collection":[{"href":"https:\/\/ballmastertraining.com\/de\/wp-json\/wp\/v2\/pages"}],"about":[{"href":"https:\/\/ballmastertraining.com\/de\/wp-json\/wp\/v2\/types\/page"}],"author":[{"embeddable":true,"href":"https:\/\/ballmastertraining.com\/de\/wp-json\/wp\/v2\/users\/1"}],"replies":[{"embeddable":true,"href":"https:\/\/ballmastertraining.com\/de\/wp-json\/wp\/v2\/comments?post=9001"}],"version-history":[{"count":1,"href":"https:\/\/ballmastertraining.com\/de\/wp-json\/wp\/v2\/pages\/9001\/revisions"}],"predecessor-version":[{"id":9002,"href":"https:\/\/ballmastertraining.com\/de\/wp-json\/wp\/v2\/pages\/9001\/revisions\/9002"}],"wp:attachment":[{"href":"https:\/\/ballmastertraining.com\/de\/wp-json\/wp\/v2\/media?parent=9001"}],"curies":[{"name":"wp","href":"https:\/\/api.w.org\/{rel}","templated":true}]}}